{"id":7,"date":"2024-03-18T14:34:02","date_gmt":"2024-03-18T14:34:02","guid":{"rendered":"https:\/\/kletterwandwartung.de\/?page_id=7"},"modified":"2025-04-08T11:45:53","modified_gmt":"2025-04-08T11:45:53","slug":"startseite","status":"publish","type":"page","link":"https:\/\/kletterwandwartung.de\/","title":{"rendered":"Startseite"},"content":{"rendered":"\n<div class=\"wp-block-cover alignfull is-light\" style=\"min-height:700px;aspect-ratio:unset;\"><span aria-hidden=\"true\" class=\"wp-block-cover__background has-background-dim-0 has-background-dim\" style=\"background-color:#86847e\"><\/span><img loading=\"lazy\" decoding=\"async\" width=\"1928\" height=\"2560\" class=\"wp-block-cover__image-background wp-image-102\" alt=\"\" src=\"https:\/\/kletterwandwartung.de\/wp-content\/uploads\/2024\/04\/PXL_20231114_103734051-scaled.jpg\" style=\"object-position:44% 54%\" data-object-fit=\"cover\" data-object-position=\"44% 54%\" srcset=\"https:\/\/kletterwandwartung.de\/wp-content\/uploads\/2024\/04\/PXL_20231114_103734051-scaled.jpg 1928w, https:\/\/kletterwandwartung.de\/wp-content\/uploads\/2024\/04\/PXL_20231114_103734051-226x300.jpg 226w, https:\/\/kletterwandwartung.de\/wp-content\/uploads\/2024\/04\/PXL_20231114_103734051-771x1024.jpg 771w, https:\/\/kletterwandwartung.de\/wp-content\/uploads\/2024\/04\/PXL_20231114_103734051-768x1020.jpg 768w, https:\/\/kletterwandwartung.de\/wp-content\/uploads\/2024\/04\/PXL_20231114_103734051-1157x1536.jpg 1157w, https:\/\/kletterwandwartung.de\/wp-content\/uploads\/2024\/04\/PXL_20231114_103734051-1542x2048.jpg 1542w\" sizes=\"auto, (max-width: 1928px) 100vw, 1928px\" \/><div class=\"wp-block-cover__inner-container is-layout-flow wp-block-cover-is-layout-flow\">\n<div style=\"height:80px\" aria-hidden=\"true\" class=\"wp-block-spacer\"><\/div>\n\n\n\n<h2 class=\"wp-block-heading has-text-align-center has-text-color\" style=\"color:#121212\">Jahresinspektionen f\u00fcr Kletter- und\/oder Boulderw\u00e4nde nach aktueller DIN-EN 12572 1\/2<\/h2>\n\n\n\n<p class=\"has-text-align-center has-text-color\" style=\"color:#121212;font-size:17px\">Gerade beim Klettersport steht SICHERHEIT an oberster Stelle. Zur Vermeidung von Unf\u00e4llen muss daher jeder Betreiber sicherstellen, dass ein passender Inspektionsplan der Kletteranlage existiert und eingehalten wird &#8211; wir als Betreiber einer der gr\u00f6\u00dften Kletteranlagen Norddeutschlands wissen genau, was Sie brauchen &#8230;<\/p>\n\n\n\n<div class=\"wp-block-buttons is-content-justification-center is-layout-flex wp-container-core-buttons-is-layout-16018d1d wp-block-buttons-is-layout-flex\">\n<div class=\"wp-block-button is-style-secondary\"><a class=\"wp-block-button__link wp-element-button\" href=\"https:\/\/kletterwandwartung.de\/?page_id=10\">Referenzen<\/a><\/div>\n<\/div>\n\n\n\n<div style=\"height:80px\" aria-hidden=\"true\" class=\"wp-block-spacer\"><\/div>\n\n\n\n<div style=\"height:80px\" aria-hidden=\"true\" class=\"wp-block-spacer\"><\/div>\n\n\n\n<p><\/p>\n<\/div><\/div>\n\n\n\n<p><\/p>\n\n\n\n<p><\/p>\n\n\n\n<div class=\"wp-block-columns is-layout-flex wp-container-core-columns-is-layout-9d6595d7 wp-block-columns-is-layout-flex\">\n<div class=\"wp-block-column is-layout-flow wp-block-column-is-layout-flow\"><div class=\"wp-block-image is-resized icon-style is-style-default\">\n<figure class=\"aligncenter\"><img decoding=\"async\" src=\"https:\/\/kletterwandwartung.de\/wp-content\/themes\/neve\/assets\/img\/starter-content\/icon-03.svg\" alt=\"\"\/><\/figure>\n<\/div>\n\n\n<div style=\"height:20px\" aria-hidden=\"true\" class=\"wp-block-spacer\"><\/div>\n\n\n\n<h3 class=\"wp-block-heading has-text-align-center has-neve-text-color-color has-text-color\">Faire Preise<\/h3>\n\n\n\n<p class=\"has-text-align-center\">Wir erstellen Ihnen ein passendes Angebot f\u00fcr die Inspektion Ihrer Kletter-\/Boulderanlage.<\/p>\n\n\n\n<div style=\"height:20px\" aria-hidden=\"true\" class=\"wp-block-spacer\"><\/div>\n<\/div>\n\n\n\n<div class=\"wp-block-column is-layout-flow wp-block-column-is-layout-flow\"><div class=\"wp-block-image is-resized icon-style is-style-default\">\n<figure class=\"aligncenter\"><img decoding=\"async\" src=\"https:\/\/kletterwandwartung.de\/wp-content\/themes\/neve\/assets\/img\/starter-content\/icon-02.svg\" alt=\"\"\/><\/figure>\n<\/div>\n\n\n<div style=\"height:20px\" aria-hidden=\"true\" class=\"wp-block-spacer\"><\/div>\n\n\n\n<h3 class=\"wp-block-heading has-text-align-center has-neve-text-color-color has-text-color\">Langj\u00e4hriges Know-How<\/h3>\n\n\n\n<p class=\"has-text-align-center\">Unsere T\u00dcV-zertifizierten Pr\u00fcfer*innen pr\u00fcfen j\u00e4hrlich zahlreiche Kletter- und Boulderw\u00e4nde f\u00fcr private Betreiber, Vereine, Schulen und \u00f6ffentliche Anbieter. Profitieren auch Sie von unserer Erfahrung.<\/p>\n\n\n\n<div style=\"height:20px\" aria-hidden=\"true\" class=\"wp-block-spacer\"><\/div>\n<\/div>\n\n\n\n<div class=\"wp-block-column is-layout-flow wp-block-column-is-layout-flow\"><div class=\"wp-block-image is-resized icon-style is-style-rounded\">\n<figure class=\"aligncenter\"><img decoding=\"async\" src=\"https:\/\/kletterwandwartung.de\/wp-content\/themes\/neve\/assets\/img\/starter-content\/icon-01.svg\" alt=\"\"\/><\/figure>\n<\/div>\n\n\n<div style=\"height:20px\" aria-hidden=\"true\" class=\"wp-block-spacer\"><\/div>\n\n\n\n<h3 class=\"wp-block-heading has-text-align-center has-neve-text-color-color has-text-color\">Zeitnahe Umsetzung<\/h3>\n\n\n\n<p class=\"has-text-align-center\">In gemeinsamer Absprache finden wir den f\u00fcr Sie passenden Termin, damit Ihre Wand ohne Unterbrechung wie gewohnt genutzt werden kann.<\/p>\n\n\n\n<div style=\"height:20px\" aria-hidden=\"true\" class=\"wp-block-spacer\"><\/div>\n<\/div>\n<\/div>\n\n\n\n<div class=\"wp-block-cover alignfull is-light\" style=\"min-height:600px;aspect-ratio:unset;\"><span aria-hidden=\"true\" class=\"wp-block-cover__background has-nv-light-bg-background-color has-background-dim-100 has-background-dim\"><\/span><div class=\"wp-block-cover__inner-container is-layout-flow wp-block-cover-is-layout-flow\">\n<div class=\"wp-block-group\"><div class=\"wp-block-group__inner-container is-layout-flow wp-block-group-is-layout-flow\">\n<div class=\"wp-block-columns are-vertically-aligned-center is-layout-flex wp-container-core-columns-is-layout-9d6595d7 wp-block-columns-is-layout-flex\">\n<div class=\"wp-block-column is-vertically-aligned-center is-layout-flow wp-block-column-is-layout-flow\" style=\"flex-basis:50%\">\n<figure class=\"wp-block-image size-large\"><img loading=\"lazy\" decoding=\"async\" width=\"1024\" height=\"604\" src=\"https:\/\/kletterwandwartung.de\/wp-content\/uploads\/2024\/04\/image-2-1024x604.png\" alt=\"\" class=\"wp-image-168\" srcset=\"https:\/\/kletterwandwartung.de\/wp-content\/uploads\/2024\/04\/image-2-1024x604.png 1024w, https:\/\/kletterwandwartung.de\/wp-content\/uploads\/2024\/04\/image-2-300x177.png 300w, https:\/\/kletterwandwartung.de\/wp-content\/uploads\/2024\/04\/image-2-768x453.png 768w, https:\/\/kletterwandwartung.de\/wp-content\/uploads\/2024\/04\/image-2.png 1294w\" sizes=\"auto, (max-width: 1024px) 100vw, 1024px\" \/><\/figure>\n<\/div>\n\n\n\n<div class=\"wp-block-column is-vertically-aligned-center is-layout-flow wp-block-column-is-layout-flow\" style=\"flex-basis:50%\">\n<div style=\"height:20px\" aria-hidden=\"true\" class=\"wp-block-spacer\"><\/div>\n\n\n\n<h2 class=\"wp-block-heading has-text-align-left has-neve-text-color-color has-text-color\">Inspektionen<\/h2>\n\n\n\n<p class=\"has-text-align-left has-neve-text-color-color has-text-color\" style=\"font-size:17px\">Jeder Betreiber einer Kletter- oder Boulderanlage muss sicherstellen, dass die W\u00e4nde, Griffe und Sicherungsmaterialien regelm\u00e4\u00dfig gepr\u00fcft werden. <\/p>\n\n\n\n<div class=\"wp-block-buttons is-content-justification-left is-layout-flex wp-container-core-buttons-is-layout-fdcfc74e wp-block-buttons-is-layout-flex\">\n<div class=\"wp-block-button is-style-primary\"><a class=\"wp-block-button__link wp-element-button\" href=\"https:\/\/kletterwandwartung.de\/?page_id=59\">Weitere Infos<\/a><\/div>\n<\/div>\n<\/div>\n<\/div>\n\n\n\n<div style=\"height:40px\" aria-hidden=\"true\" class=\"wp-block-spacer\"><\/div>\n<\/div><\/div>\n<\/div><\/div>\n\n\n\n<div class=\"wp-block-cover alignfull is-light\" style=\"min-height:100vh;aspect-ratio:unset;\"><span aria-hidden=\"true\" class=\"wp-block-cover__background has-nv-dark-bg-background-color has-background-dim-100 has-background-dim\"><\/span><div class=\"wp-block-cover__inner-container is-layout-flow wp-block-cover-is-layout-flow\">\n<div class=\"wp-block-columns is-layout-flex wp-container-core-columns-is-layout-9d6595d7 wp-block-columns-is-layout-flex\">\n<div class=\"wp-block-column is-layout-flow wp-block-column-is-layout-flow\"><div class=\"wp-block-image is-resized is-style-rounded\">\n<figure class=\"aligncenter size-full\"><img loading=\"lazy\" decoding=\"async\" width=\"452\" height=\"452\" src=\"https:\/\/kletterwandwartung.de\/wp-content\/uploads\/2024\/04\/Screenshot-2024-04-19-095107.png\" alt=\"\" class=\"wp-image-153\" style=\"width:300px\" srcset=\"https:\/\/kletterwandwartung.de\/wp-content\/uploads\/2024\/04\/Screenshot-2024-04-19-095107.png 452w, https:\/\/kletterwandwartung.de\/wp-content\/uploads\/2024\/04\/Screenshot-2024-04-19-095107-300x300.png 300w, https:\/\/kletterwandwartung.de\/wp-content\/uploads\/2024\/04\/Screenshot-2024-04-19-095107-150x150.png 150w\" sizes=\"auto, (max-width: 452px) 100vw, 452px\" \/><\/figure>\n<\/div>\n\n\n<div style=\"height:24px\" aria-hidden=\"true\" class=\"wp-block-spacer\"><\/div>\n\n\n\n<p class=\"has-text-align-left has-nv-site-bg-color has-text-color has-normal-font-size\">\u201cSicherheit und Spa\u00df am Betrieb m\u00fcssen oberste Priorit\u00e4t haben &#8211; beides werden wir Ihnen erm\u00f6glichen.\u201d<\/p>\n\n\n\n<p class=\"has-nv-text-dark-bg-color has-text-color\"><strong>Chrisu<\/strong> &#8222;GF und Mann der Tat&#8220; (T\u00dcV-zertifizierter Wandinspektor, sachkundiger PSA, H\u00f6henarbeit Level 1)<\/p>\n\n\n\n<div style=\"height:20px\" aria-hidden=\"true\" class=\"wp-block-spacer\"><\/div>\n<\/div>\n\n\n\n<div class=\"wp-block-column is-layout-flow wp-block-column-is-layout-flow\"><div class=\"wp-block-image is-resized is-style-rounded\">\n<figure class=\"aligncenter size-full\"><img loading=\"lazy\" decoding=\"async\" width=\"431\" height=\"431\" src=\"https:\/\/kletterwandwartung.de\/wp-content\/uploads\/2024\/04\/Screenshot-2024-04-19-095239-edited.png\" alt=\"\" class=\"wp-image-170\" style=\"width:300px\" srcset=\"https:\/\/kletterwandwartung.de\/wp-content\/uploads\/2024\/04\/Screenshot-2024-04-19-095239-edited.png 431w, https:\/\/kletterwandwartung.de\/wp-content\/uploads\/2024\/04\/Screenshot-2024-04-19-095239-edited-300x300.png 300w, https:\/\/kletterwandwartung.de\/wp-content\/uploads\/2024\/04\/Screenshot-2024-04-19-095239-edited-150x150.png 150w\" sizes=\"auto, (max-width: 431px) 100vw, 431px\" \/><\/figure>\n<\/div>\n\n\n<div style=\"height:24px\" aria-hidden=\"true\" class=\"wp-block-spacer\"><\/div>\n\n\n\n<p class=\"has-text-align-left has-nv-site-bg-color has-text-color has-normal-font-size\">\u201cGeht nicht, gibt&#8217;s nicht &#8230; wir finden f\u00fcr jedes Problem eine L\u00f6sung.\u201d<\/p>\n\n\n\n<p class=\"has-nv-site-bg-color has-text-color\"><strong>Jogi R<\/strong>. &#8222;Klettertechnik-er&#8220; (T\u00dcV-zertifizierter Wandinspektor, sachkundiger PSA, H\u00f6henarbeiter Level 1)<\/p>\n\n\n\n<div style=\"height:20px\" aria-hidden=\"true\" class=\"wp-block-spacer\"><\/div>\n<\/div>\n\n\n\n<div class=\"wp-block-column is-layout-flow wp-block-column-is-layout-flow\"><div class=\"wp-block-image is-resized is-style-rounded\">\n<figure class=\"aligncenter size-full\"><img loading=\"lazy\" decoding=\"async\" width=\"628\" height=\"594\" src=\"https:\/\/kletterwandwartung.de\/wp-content\/uploads\/2024\/04\/Screenshot-2024-04-19-095401.png\" alt=\"\" class=\"wp-image-159\" style=\"width:317px;height:auto\" srcset=\"https:\/\/kletterwandwartung.de\/wp-content\/uploads\/2024\/04\/Screenshot-2024-04-19-095401.png 628w, https:\/\/kletterwandwartung.de\/wp-content\/uploads\/2024\/04\/Screenshot-2024-04-19-095401-300x284.png 300w\" sizes=\"auto, (max-width: 628px) 100vw, 628px\" \/><\/figure>\n<\/div>\n\n\n<div style=\"height:24px\" aria-hidden=\"true\" class=\"wp-block-spacer\"><\/div>\n\n\n\n<p class=\"has-text-align-left has-nv-site-bg-color has-text-color has-normal-font-size\">\u201cWir beamen Ihre Kletter- und Boulderrouten ins 21ste Jahrhundert. Unser Kunst-Handwerk bietet zielgruppenorientierten und zugleich abwechslungsreichen Routen- und Boulderbau f\u00fcr jede K\u00f6nnensklasse\u201d<\/p>\n\n\n\n<p class=\"has-nv-site-bg-color has-text-color\"><strong>Tom L<\/strong>. &#8222;Chef-Boulderbauer&#8220; (Selfmade Boulder-Kreateur)<\/p>\n\n\n\n<div style=\"height:20px\" aria-hidden=\"true\" class=\"wp-block-spacer\"><\/div>\n<\/div>\n<\/div>\n<\/div><\/div>\n\n\n\n<div class=\"wp-block-cover alignfull is-light\" style=\"min-height:300px;aspect-ratio:unset;\"><span aria-hidden=\"true\" class=\"wp-block-cover__background has-nv-light-bg-background-color has-background-dim-100 has-background-dim\"><\/span><div class=\"wp-block-cover__inner-container is-layout-flow wp-block-cover-is-layout-flow\">\n<div style=\"height:140px\" aria-hidden=\"true\" class=\"wp-block-spacer\"><\/div>\n\n\n\n<h2 class=\"wp-block-heading has-text-align-center has-nv-dark-bg-color has-text-color\">Sie w\u00fcnschen sich in Ihrer Einrichtung eine Kletter- oder Boulderwand?<\/h2>\n\n\n\n<div class=\"wp-block-buttons is-content-justification-center is-layout-flex wp-container-core-buttons-is-layout-16018d1d wp-block-buttons-is-layout-flex\">\n<div class=\"wp-block-button is-style-primary\"><a class=\"wp-block-button__link wp-element-button\" href=\"https:\/\/kletterwandwartung.de\/?page_id=9\">Kontaktieren Sie uns<\/a><\/div>\n<\/div>\n\n\n\n<div style=\"height:140px\" aria-hidden=\"true\" class=\"wp-block-spacer\"><\/div>\n<\/div><\/div>\n","protected":false},"excerpt":{"rendered":"<p>Faire Preise Wir erstellen Ihnen ein passendes Angebot f\u00fcr die Inspektion Ihrer Kletter-\/Boulderanlage. Langj\u00e4hriges Know-How Unsere T\u00dcV-zertifizierten Pr\u00fcfer*innen pr\u00fcfen j\u00e4hrlich zahlreiche Kletter- und Boulderw\u00e4nde f\u00fcr private Betreiber, Vereine, Schulen und \u00f6ffentliche Anbieter. Profitieren auch Sie von unserer Erfahrung. Zeitnahe Umsetzung In gemeinsamer Absprache finden wir den f\u00fcr Sie passenden Termin, damit Ihre Wand ohne Unterbrechung&hellip;&nbsp;<a href=\"https:\/\/kletterwandwartung.de\/\" rel=\"bookmark\">Weiterlesen &raquo;<span class=\"screen-reader-text\">Startseite<\/span><\/a><\/p>\n","protected":false},"author":1,"featured_media":0,"parent":0,"menu_order":0,"comment_status":"closed","ping_status":"closed","template":"","meta":{"neve_meta_sidebar":"","neve_meta_container":"default","neve_meta_enable_content_width":"on","neve_meta_content_width":100,"neve_meta_title_alignment":"","neve_meta_author_avatar":"","neve_post_elements_order":"","neve_meta_disable_header":"","neve_meta_disable_footer":"","neve_meta_disable_title":"on","_themeisle_gutenberg_block_has_review":false,"footnotes":""},"class_list":["post-7","page","type-page","status-publish","hentry"],"_links":{"self":[{"href":"https:\/\/kletterwandwartung.de\/index.php?rest_route=\/wp\/v2\/pages\/7","targetHints":{"allow":["GET"]}}],"collection":[{"href":"https:\/\/kletterwandwartung.de\/index.php?rest_route=\/wp\/v2\/pages"}],"about":[{"href":"https:\/\/kletterwandwartung.de\/index.php?rest_route=\/wp\/v2\/types\/page"}],"author":[{"embeddable":true,"href":"https:\/\/kletterwandwartung.de\/index.php?rest_route=\/wp\/v2\/users\/1"}],"replies":[{"embeddable":true,"href":"https:\/\/kletterwandwartung.de\/index.php?rest_route=%2Fwp%2Fv2%2Fcomments&post=7"}],"version-history":[{"count":55,"href":"https:\/\/kletterwandwartung.de\/index.php?rest_route=\/wp\/v2\/pages\/7\/revisions"}],"predecessor-version":[{"id":220,"href":"https:\/\/kletterwandwartung.de\/index.php?rest_route=\/wp\/v2\/pages\/7\/revisions\/220"}],"wp:attachment":[{"href":"https:\/\/kletterwandwartung.de\/index.php?rest_route=%2Fwp%2Fv2%2Fmedia&parent=7"}],"curies":[{"name":"wp","href":"https:\/\/api.w.org\/{rel}","templated":true}]}}