{"id":59,"date":"2024-03-26T15:17:02","date_gmt":"2024-03-26T15:17:02","guid":{"rendered":"https:\/\/kletterwandwartung.de\/?page_id=59"},"modified":"2024-04-08T12:42:57","modified_gmt":"2024-04-08T12:42:57","slug":"hauptinspektion","status":"publish","type":"page","link":"https:\/\/kletterwandwartung.de\/?page_id=59","title":{"rendered":"Inspektionen"},"content":{"rendered":"\n<p><strong>J\u00e4hrliche Hauptinspektion<\/strong><\/p>\n\n\n\n<ul class=\"wp-block-list\">\n<li>Neben den unterj\u00e4hrigen Routine-Inspektionen (siehe unten) des Betreibers ist die Jahresinspektion stets von einem zertifizierten Sachkundigen durchzuf\u00fchren (T\u00dcV-zertifizierter Pr\u00fcfer von k\u00fcnstlichen Kletteranlagen und Boulderw\u00e4nden gem. DIN EN 12572 1\/21\/3). Bei der j\u00e4hrlichen Inspektion wird die Anlage nicht nur oberfl\u00e4chlich begutachtet, sondern es werden die Geb\u00e4udeanbindung, die Unterkonstruktion und die sicherheitstechnische Ausstattung auf ihren ordnungsgem\u00e4\u00dfen Zustand hin gepr\u00fcft. Ist das Ergebnis der Pr\u00fcfung ohne Beanstandung erfolgt die j\u00e4hrliche Betriebsfreigabe.<\/li>\n\n\n\n<li>Inhalte der j\u00e4hrlichen Pr\u00fcfung sind u.a. der ordnungsgem\u00e4\u00dfe und einwandfreie Zustand der\n<ul class=\"wp-block-list\">\n<li>Kletterwandoberfl\u00e4che<\/li>\n\n\n\n<li>Umlenkpunkte<\/li>\n\n\n\n<li>Einzelsicherungspunkte und Umlenksicherungspunkte<\/li>\n\n\n\n<li>Unterkonstruktion<\/li>\n\n\n\n<li>Einhaltung von Sturzr\u00e4umen<\/li>\n\n\n\n<li>Klettergriffe<\/li>\n\n\n\n<li>Kletterausr\u00fcstung<\/li>\n<\/ul>\n<\/li>\n\n\n\n<li>Schadensbeseitigung und Instandsetzung\n<ul class=\"wp-block-list\">\n<li>Werden im Rahmen der j\u00e4hrlichen Hauptinspektion Sachm\u00e4ngel festgestellt, die dazu f\u00fchren, dass keiner Betriebsfreigabe stattgegeben wird, so sind wird in der Regel in der Lage diese M\u00e4ngel entsprechend zu beheben. Schadhafte Komponenten werden von uns gekennzeichnet und Ihnen wird umgehend mitgeteilt, welche Schritte n\u00f6tig sind, damit an Ihrer Wand wieder geklettert werden darf.<\/li>\n<\/ul>\n<\/li>\n<\/ul>\n\n\n\n<p><strong>Routine-Inspektionen seitens des Betreibers<\/strong><\/p>\n\n\n\n<ul class=\"wp-block-list\">\n<li>Diese Inspektionen m\u00fcssen in regelm\u00e4\u00dfigen und betriebsbedingten Abst\u00e4nden vom eigenen Personal des Kletterwandbetreibers (sachkundige \u00dcbungsleiter*in, Wandbetreuer*in etc.) erfolgen und dient der Erkennung von offensichtlichen Gefahrenquellen, welche bei Nutzung der Kletteranlage und der pers\u00f6nlichen Schutzausr\u00fcstung (Seile, Gurte, Karabiner, Sicherungsger\u00e4te etc.) entstehen k\u00f6nnen. Das Personal muss hierzu entsprechend geschult sein.<\/li>\n<\/ul>\n","protected":false},"excerpt":{"rendered":"<p>J\u00e4hrliche Hauptinspektion Routine-Inspektionen seitens des Betreibers<\/p>\n","protected":false},"author":1,"featured_media":0,"parent":0,"menu_order":0,"comment_status":"closed","ping_status":"closed","template":"","meta":{"neve_meta_sidebar":"","neve_meta_container":"","neve_meta_enable_content_width":"","neve_meta_content_width":0,"neve_meta_title_alignment":"","neve_meta_author_avatar":"","neve_post_elements_order":"","neve_meta_disable_header":"","neve_meta_disable_footer":"","neve_meta_disable_title":"","_themeisle_gutenberg_block_has_review":false,"footnotes":""},"class_list":["post-59","page","type-page","status-publish","hentry"],"_links":{"self":[{"href":"https:\/\/kletterwandwartung.de\/index.php?rest_route=\/wp\/v2\/pages\/59","targetHints":{"allow":["GET"]}}],"collection":[{"href":"https:\/\/kletterwandwartung.de\/index.php?rest_route=\/wp\/v2\/pages"}],"about":[{"href":"https:\/\/kletterwandwartung.de\/index.php?rest_route=\/wp\/v2\/types\/page"}],"author":[{"embeddable":true,"href":"https:\/\/kletterwandwartung.de\/index.php?rest_route=\/wp\/v2\/users\/1"}],"replies":[{"embeddable":true,"href":"https:\/\/kletterwandwartung.de\/index.php?rest_route=%2Fwp%2Fv2%2Fcomments&post=59"}],"version-history":[{"count":10,"href":"https:\/\/kletterwandwartung.de\/index.php?rest_route=\/wp\/v2\/pages\/59\/revisions"}],"predecessor-version":[{"id":99,"href":"https:\/\/kletterwandwartung.de\/index.php?rest_route=\/wp\/v2\/pages\/59\/revisions\/99"}],"wp:attachment":[{"href":"https:\/\/kletterwandwartung.de\/index.php?rest_route=%2Fwp%2Fv2%2Fmedia&parent=59"}],"curies":[{"name":"wp","href":"https:\/\/api.w.org\/{rel}","templated":true}]}}